{"id":1648,"date":"2022-06-19T21:10:17","date_gmt":"2022-06-19T21:10:17","guid":{"rendered":"https:\/\/notariatracari.ro\/?page_id=1648"},"modified":"2022-09-15T11:02:06","modified_gmt":"2022-09-15T11:02:06","slug":"succesiune","status":"publish","type":"page","link":"https:\/\/notariatracari.ro\/index.php\/succesiune\/","title":{"rendered":"Acte necesare pentru dezbaterea succesiunii"},"content":{"rendered":"\t\t<div data-elementor-type=\"wp-page\" data-elementor-id=\"1648\" class=\"elementor elementor-1648\">\n\t\t\t\t\t\t\t\t\t<section class=\"elementor-section elementor-top-section elementor-element elementor-element-70d59d1 elementor-section-boxed elementor-section-height-default elementor-section-height-default exad-glass-effect-no exad-sticky-section-no\" data-id=\"70d59d1\" data-element_type=\"section\">\n\t\t\t\t\t\t<div class=\"elementor-container elementor-column-gap-default\">\n\t\t\t\t\t<div class=\"elementor-column elementor-col-100 elementor-top-column elementor-element elementor-element-6399532 exad-glass-effect-no exad-sticky-section-no\" data-id=\"6399532\" data-element_type=\"column\">\n\t\t\t<div class=\"elementor-widget-wrap elementor-element-populated\">\n\t\t\t\t\t\t\t\t<div class=\"elementor-element elementor-element-3935e50 exad-sticky-section-no exad-glass-effect-no elementor-widget elementor-widget-heading\" data-id=\"3935e50\" data-element_type=\"widget\" data-widget_type=\"heading.default\">\n\t\t\t\t<div class=\"elementor-widget-container\">\n\t\t\t<style>\/*! elementor - v3.6.7 - 03-07-2022 *\/\n.elementor-heading-title{padding:0;margin:0;line-height:1}.elementor-widget-heading .elementor-heading-title[class*=elementor-size-]>a{color:inherit;font-size:inherit;line-height:inherit}.elementor-widget-heading .elementor-heading-title.elementor-size-small{font-size:15px}.elementor-widget-heading .elementor-heading-title.elementor-size-medium{font-size:19px}.elementor-widget-heading .elementor-heading-title.elementor-size-large{font-size:29px}.elementor-widget-heading .elementor-heading-title.elementor-size-xl{font-size:39px}.elementor-widget-heading .elementor-heading-title.elementor-size-xxl{font-size:59px}<\/style><h2 class=\"elementor-heading-title elementor-size-default\">ACTE NECESARE DEZBATERE SUCCESIUNE \u2013 ELIBERARE CERTIFICATE DE MO\u0218TENITOR<\/h2>\t\t<\/div>\n\t\t\t\t<\/div>\n\t\t\t\t<div class=\"elementor-element elementor-element-acd4903 exad-sticky-section-no exad-glass-effect-no elementor-widget elementor-widget-text-editor\" data-id=\"acd4903\" data-element_type=\"widget\" data-widget_type=\"text-editor.default\">\n\t\t\t\t<div class=\"elementor-widget-container\">\n\t\t\t<style>\/*! elementor - v3.6.7 - 03-07-2022 *\/\n.elementor-widget-text-editor.elementor-drop-cap-view-stacked .elementor-drop-cap{background-color:#818a91;color:#fff}.elementor-widget-text-editor.elementor-drop-cap-view-framed .elementor-drop-cap{color:#818a91;border:3px solid;background-color:transparent}.elementor-widget-text-editor:not(.elementor-drop-cap-view-default) .elementor-drop-cap{margin-top:8px}.elementor-widget-text-editor:not(.elementor-drop-cap-view-default) .elementor-drop-cap-letter{width:1em;height:1em}.elementor-widget-text-editor .elementor-drop-cap{float:left;text-align:center;line-height:1;font-size:50px}.elementor-widget-text-editor .elementor-drop-cap-letter{display:inline-block}<\/style>\t\t\t\t<p>La dezbaterea succesiunii, succesibilii vor fi \u00eenso\u021bi\u021bi de cel pu\u021bin 2 (doi) martori care l-au cunoscut personal pe defunct \u0219i cunosc date personale despre acesta, inclusiv num\u0103rul \u0219i calitatea persoanelor cu voca\u021bie la succesiune \u2013 vor avea asupra lor actele de identitate \u00een original.<\/p><p>La cererea de deschidere a procedurii succesorale se vor anexa urm\u0103toarele acte \u00een original, dup\u0103 caz.<\/p><h2>1. SESIZARE PENTRU DESCHIDEREA PROCEDURII SUCCESORALE (ANEXA nr. 24)<\/h2><h2>2. ACTE DE STARE CIVILA<\/h2><p>(i) certificat de deces defunct (original sau duplicat);<\/p><p>(ii) certificat de c\u0103s\u0103torie so\u0163 supravie\u0163uitor (sau, dup\u0103 caz: certificat de deces \/ certificat de mo\u015ftenitor \/ sentin\u0163\u0103 \/certificat de divor\u0163;<\/p><p>(iii) certificat de na\u015ftere \u015fi c\u0103s\u0103torie al descenden\u0163ilor (copii, nepo\u0163i) sau al altor rude care au dreptul la succesiune;<\/p><p>(iv) acte de identitate mo\u0219tenitori;<\/p><p>(v) dac\u0103 exist\u0103, testament (authentic sau olograf).<\/p><h2>3. ACTE CARE DOVEDESC AVEREA DEFUNCTULUI \u2013 stabilire mas\u0103 succesoral\u0103<\/h2><p>Pentru stabilirea masei succesorale (averea defunctului) se vor prezenta, dup\u0103 caz, pentru fiecare tip de bunuri (imobile sau mobile):<\/p><h3>3.1. Bunuri imobile (cas\u0103\/apartament\/teren)\u00a0<\/h3><p>(i) act de proprietate bun imobil (de exemplu: contract v\u00e2nzare-cump\u0103rare, proces-verbal de predare-primire a locuin\u0163ei, contract de \u00eemprumut \u015fi adeverin\u0163\u0103 de achitare integral\u0103, certificat de mo\u0219tenitor, hot\u0103r\u00e2re judec\u0103toreasc\u0103 etc.);<\/p><p>(ii) certificat de atestare fiscal\u0103 de la Prim\u0103ria localit\u0103\u021bii \u00een care este situat bunul.<\/p><h3>3.2. Bunuri mobile (automobile\/conturi \u0219i depozite bancare\/ac\u021biuni\/pensie privat\u0103)<\/h3><p>(i) acte proprietate automobil (talon, carte de identitate);<\/p><p>(ii) certificat de atestare fiscal\u0103 de la Prim\u0103ria localit\u0103\u021bii \u00een care este \u00eenmatriculat automobilul.<\/p><p>(iii) certificat ac\u0163ionar, carnete C.E.C. , extras de cont sau contract de depozit bancar.<\/p><p>(iv) \u00een cazul pensiilor administrate privat, sumele din Pilonul II pot fi introduse \u00een certificatul de mo\u0219tenitor \u0219i fiecare mo\u0219tenitor va putea revendica cota-parte din activul cuvenit al participantului decedat (pentru detalii, accesa\u021bi \u0219i site-ul Asocia\u021biei pentru Pensiile Administrate Privat din Rom\u00e2nia).<\/p><h2>4. ALTE ACTE CARE POT FI NECESARE<\/h2><p>(i) declara\u021bii de acceptare\/renun\u021bare la succesiune \u00een form\u0103 autentic\u0103, dac\u0103 au fost date \u00een prealabil;<\/p><p>(ii) procur\u0103 special\u0103 \u00een form\u0103 autentic\u0103 pentru succesibilii care nu pot participa personal la dezbaterea succesiunii;<\/p><p>(iii) \u00een cazul succesibililor minori\/pu\u021bi sub interdic\u021bie: dispozi\u021bie de numire a curatorului special emis\u0103 de Autoritatea Tutelar\u0103 de la Prim\u0103ria unde are domiciliul minorul\/interzisul judec\u0103toresc;<\/p><p>(iv) alte documente \u00een func\u021bie de specificul cauzei.<\/p><h2>Aten\u021bie!<\/h2><p>Pute\u021bi dezbate succesiunea la biroul nostru notarial doar dac\u0103 ultimul domiciliu al defunctului a fost \u00een circumscrip\u021bia judec\u0103toriei R\u0103cari.<\/p><p>Dac\u0103 succesiunea se dezbate mai t\u00e2rziu de 2 (doi) ani de la data decesului, se va percepe un impozit in cuantum de 1% din valoarea bunurilor imobile care compun masa succesoral\u0103. Acest impozit nu se percepe dac\u0103 succesiunea se dezbate mai \u00eenainte de \u00eemplinirea termenului de 2 (doi) ani de la data decesului.<\/p><p>Ca urmare a dezbaterii succesiunii se elibereaz\u0103 certificatul de mo\u0219tenitor care face dovada calit\u0103\u021bii de mo\u0219tenitor, a cotei p\u0103r\u021bi din masa succesoral\u0103 care revine fiec\u0103ruia dintre mo\u0219tenitori, precum \u0219i a dreptului de proprietate a bunurilor din masa succesoral\u0103.<\/p><p>Onorariul notarial se calculeaz\u0103 \u00een func\u021bie de valoarea masei succesorale.<\/p><p>\u00a0<\/p>\t\t\t\t\t\t<\/div>\n\t\t\t\t<\/div>\n\t\t\t\t\t<\/div>\n\t\t<\/div>\n\t\t\t\t\t\t\t<\/div>\n\t\t<\/section>\n\t\t\t\t\t\t\t<\/div>\n\t\t","protected":false},"excerpt":{"rendered":"<p>ACTE NECESARE DEZBATERE SUCCESIUNE \u2013 ELIBERARE CERTIFICATE DE MO\u0218TENITOR La dezbaterea succesiunii, succesibilii vor fi \u00eenso\u021bi\u021bi de cel pu\u021bin 2 (doi) martori care l-au cunoscut personal pe defunct \u0219i cunosc date personale despre acesta, inclusiv num\u0103rul \u0219i calitatea persoanelor cu voca\u021bie la succesiune \u2013 vor avea asupra lor actele de identitate \u00een original. La cererea &hellip;<\/p>\n<p class=\"read-more\"> <a class=\"\" href=\"https:\/\/notariatracari.ro\/index.php\/succesiune\/\"> <span class=\"screen-reader-text\">Acte necesare pentru dezbaterea succesiunii<\/span> Read More &raquo;<\/a><\/p>\n","protected":false},"author":2,"featured_media":0,"parent":0,"menu_order":0,"comment_status":"closed","ping_status":"closed","template":"","meta":{"site-sidebar-layout":"no-sidebar","site-content-layout":"page-builder","ast-global-header-display":"","ast-main-header-display":"","ast-hfb-above-header-display":"","ast-hfb-below-header-display":"","ast-hfb-mobile-header-display":"","site-post-title":"disabled","ast-breadcrumbs-content":"","ast-featured-img":"disabled","footer-sml-layout":"","theme-transparent-header-meta":"","adv-header-id-meta":"","stick-header-meta":"","header-above-stick-meta":"","header-main-stick-meta":"","header-below-stick-meta":"","footnotes":""},"class_list":["post-1648","page","type-page","status-publish","hentry"],"_links":{"self":[{"href":"https:\/\/notariatracari.ro\/index.php\/wp-json\/wp\/v2\/pages\/1648","targetHints":{"allow":["GET"]}}],"collection":[{"href":"https:\/\/notariatracari.ro\/index.php\/wp-json\/wp\/v2\/pages"}],"about":[{"href":"https:\/\/notariatracari.ro\/index.php\/wp-json\/wp\/v2\/types\/page"}],"author":[{"embeddable":true,"href":"https:\/\/notariatracari.ro\/index.php\/wp-json\/wp\/v2\/users\/2"}],"replies":[{"embeddable":true,"href":"https:\/\/notariatracari.ro\/index.php\/wp-json\/wp\/v2\/comments?post=1648"}],"version-history":[{"count":14,"href":"https:\/\/notariatracari.ro\/index.php\/wp-json\/wp\/v2\/pages\/1648\/revisions"}],"predecessor-version":[{"id":2194,"href":"https:\/\/notariatracari.ro\/index.php\/wp-json\/wp\/v2\/pages\/1648\/revisions\/2194"}],"wp:attachment":[{"href":"https:\/\/notariatracari.ro\/index.php\/wp-json\/wp\/v2\/media?parent=1648"}],"curies":[{"name":"wp","href":"https:\/\/api.w.org\/{rel}","templated":true}]}}